{"id":4320,"date":"2025-12-18T10:38:00","date_gmt":"2025-12-18T09:38:00","guid":{"rendered":"https:\/\/gsps.pl\/sklep\/?post_type=product&#038;p=4320"},"modified":"2026-04-05T17:11:22","modified_gmt":"2026-04-05T15:11:22","slug":"koszulka-eventowa-gsps-dzieciom-2026","status":"publish","type":"product","link":"https:\/\/gsps.pl\/sklep\/produkt\/koszulka-eventowa-gsps-dzieciom-2026\/","title":{"rendered":"Koszulka Eventowa GSPS Dzieciom 2026"},"content":{"rendered":"<p><span style=\"font-weight: 400;\">Koszulka 100% bawe\u0142na. Wz\u00f3r zaprojektowany przez <\/span><a href=\"https:\/\/linktr.ee\/piankart\"><b>piank\u0119<\/b><\/a><span style=\"font-weight: 400;\">.<\/span><span style=\"font-weight: 400;\"><br \/>\n<\/span><\/p>\n<hr \/>\n<p><span style=\"font-weight: 400;\">Nasza unikalna koszulka GSPS zosta\u0142a stworzona dla prawdziwych graczy! Ten wz\u00f3r, skrywaj\u0105cy wiele nawi\u0105za\u0144 do poprzednich event\u00f3w, gwarantuje zar\u00f3wno <\/span><b>+10%<\/b><span style=\"font-weight: 400;\"> do szcz\u0119\u015bcia w znajdowaniu zakopanych skarb\u00f3w, jak i <\/span><b>+20%<\/b><span style=\"font-weight: 400;\"> do szybko\u015bci kopania!<\/span><b><\/b><\/p>\n<hr \/>\n<p><b>Zastanawiasz si\u0119, kiedy dostaniesz swoj\u0105 koszulk\u0119? Sprawd\u017a <\/b><a href=\"https:\/\/gsps.pl\/sklep\/cykle-zamowien\/\"><b>Cykle zam\u00f3wie\u0144<\/b><\/a><b>!<\/b><\/p>\n<p><span style=\"font-weight: 400;\">Tabela rozmiar\u00f3w:<\/span><\/p>\n<p><img loading=\"lazy\" decoding=\"async\" class=\"alignnone wp-image-2526\" src=\"https:\/\/gsps.pl\/sklep\/wp-content\/uploads\/2024\/01\/tabela-rozmiarow-labelart-300x211.png\" alt=\"\" width=\"652\" height=\"459\" srcset=\"https:\/\/gsps.pl\/sklep\/wp-content\/uploads\/2024\/01\/tabela-rozmiarow-labelart-300x211.png 300w, https:\/\/gsps.pl\/sklep\/wp-content\/uploads\/2024\/01\/tabela-rozmiarow-labelart-1024x722.png 1024w, https:\/\/gsps.pl\/sklep\/wp-content\/uploads\/2024\/01\/tabela-rozmiarow-labelart-768x541.png 768w, https:\/\/gsps.pl\/sklep\/wp-content\/uploads\/2024\/01\/tabela-rozmiarow-labelart-1536x1083.png 1536w, https:\/\/gsps.pl\/sklep\/wp-content\/uploads\/2024\/01\/tabela-rozmiarow-labelart-2048x1444.png 2048w, https:\/\/gsps.pl\/sklep\/wp-content\/uploads\/2024\/01\/tabela-rozmiarow-labelart-1320x931.png 1320w, https:\/\/gsps.pl\/sklep\/wp-content\/uploads\/2024\/01\/tabela-rozmiarow-labelart-600x423.png 600w\" sizes=\"auto, (max-width: 652px) 100vw, 652px\" \/><\/p>\n","protected":false},"excerpt":{"rendered":"<p>Koszulka 100% bawe\u0142na. Wz\u00f3r zaprojektowany przez piank\u0119. Nasza unikalna koszulka GSPS zosta\u0142a stworzona dla prawdziwych graczy! Ten wz\u00f3r, skrywaj\u0105cy wiele&#8230;<\/p>\n","protected":false},"featured_media":4483,"template":"","meta":[],"product_cat":[44],"product_tag":[],"class_list":{"0":"post-4320","1":"product","2":"type-product","3":"status-publish","4":"has-post-thumbnail","6":"product_cat-koszulki","8":"first","9":"instock","10":"shipping-taxable","11":"purchasable","12":"product-type-variable","13":"has-default-attributes"},"_links":{"self":[{"href":"https:\/\/gsps.pl\/sklep\/wp-json\/wp\/v2\/product\/4320","targetHints":{"allow":["GET"]}}],"collection":[{"href":"https:\/\/gsps.pl\/sklep\/wp-json\/wp\/v2\/product"}],"about":[{"href":"https:\/\/gsps.pl\/sklep\/wp-json\/wp\/v2\/types\/product"}],"wp:featuredmedia":[{"embeddable":true,"href":"https:\/\/gsps.pl\/sklep\/wp-json\/wp\/v2\/media\/4483"}],"wp:attachment":[{"href":"https:\/\/gsps.pl\/sklep\/wp-json\/wp\/v2\/media?parent=4320"}],"wp:term":[{"taxonomy":"product_cat","embeddable":true,"href":"https:\/\/gsps.pl\/sklep\/wp-json\/wp\/v2\/product_cat?post=4320"},{"taxonomy":"product_tag","embeddable":true,"href":"https:\/\/gsps.pl\/sklep\/wp-json\/wp\/v2\/product_tag?post=4320"}],"curies":[{"name":"wp","href":"https:\/\/api.w.org\/{rel}","templated":true}]}}