{"id":3809,"date":"2025-06-23T05:31:04","date_gmt":"2025-06-23T03:31:04","guid":{"rendered":"https:\/\/gsps.pl\/sklep\/?post_type=product&#038;p=3809"},"modified":"2026-03-13T13:12:57","modified_gmt":"2026-03-13T12:12:57","slug":"koszulka-eventowa-gsps-2025","status":"publish","type":"product","link":"https:\/\/gsps.pl\/sklep\/produkt\/koszulka-eventowa-gsps-2025\/","title":{"rendered":"Koszulka Eventowa GSPS 2025"},"content":{"rendered":"<p><span style=\"font-weight: 400;\">Koszulka 100% bawe\u0142na. Wz\u00f3r zaprojektowany przez <\/span><a href=\"https:\/\/linktr.ee\/piankart\"><b>piank\u0119<\/b><\/a><span style=\"font-weight: 400;\">.<\/span><\/p>\n<p>Zastanawiasz si\u0119, kiedy dostaniesz swoj\u0105 koszulk\u0119? Sprawd\u017a <a href=\"https:\/\/gsps.pl\/sklep\/cykle-zamowien\/\">Cykle zam\u00f3wie\u0144<\/a>!<\/p>\n<p><span style=\"font-weight: 400;\">Tabela rozmiar\u00f3w:<\/span><\/p>\n<p><img loading=\"lazy\" decoding=\"async\" class=\"alignnone wp-image-2526\" src=\"https:\/\/gsps.pl\/sklep\/wp-content\/uploads\/2024\/01\/tabela-rozmiarow-labelart-300x211.png\" alt=\"\" width=\"652\" height=\"459\" srcset=\"https:\/\/gsps.pl\/sklep\/wp-content\/uploads\/2024\/01\/tabela-rozmiarow-labelart-300x211.png 300w, https:\/\/gsps.pl\/sklep\/wp-content\/uploads\/2024\/01\/tabela-rozmiarow-labelart-1024x722.png 1024w, https:\/\/gsps.pl\/sklep\/wp-content\/uploads\/2024\/01\/tabela-rozmiarow-labelart-768x541.png 768w, https:\/\/gsps.pl\/sklep\/wp-content\/uploads\/2024\/01\/tabela-rozmiarow-labelart-1536x1083.png 1536w, https:\/\/gsps.pl\/sklep\/wp-content\/uploads\/2024\/01\/tabela-rozmiarow-labelart-2048x1444.png 2048w, https:\/\/gsps.pl\/sklep\/wp-content\/uploads\/2024\/01\/tabela-rozmiarow-labelart-1320x931.png 1320w, https:\/\/gsps.pl\/sklep\/wp-content\/uploads\/2024\/01\/tabela-rozmiarow-labelart-600x423.png 600w\" sizes=\"auto, (max-width: 652px) 100vw, 652px\" \/><\/p>\n","protected":false},"excerpt":{"rendered":"<p>Koszulka 100% bawe\u0142na. Wz\u00f3r zaprojektowany przez piank\u0119. Zastanawiasz si\u0119, kiedy dostaniesz swoj\u0105 koszulk\u0119? Sprawd\u017a Cykle zam\u00f3wie\u0144! Tabela rozmiar\u00f3w:<\/p>\n","protected":false},"featured_media":3945,"template":"","meta":[],"product_cat":[44],"product_tag":[],"class_list":{"0":"post-3809","1":"product","2":"type-product","3":"status-publish","4":"has-post-thumbnail","6":"product_cat-koszulki","8":"first","9":"instock","10":"shipping-taxable","11":"purchasable","12":"product-type-variable","13":"has-default-attributes"},"_links":{"self":[{"href":"https:\/\/gsps.pl\/sklep\/wp-json\/wp\/v2\/product\/3809","targetHints":{"allow":["GET"]}}],"collection":[{"href":"https:\/\/gsps.pl\/sklep\/wp-json\/wp\/v2\/product"}],"about":[{"href":"https:\/\/gsps.pl\/sklep\/wp-json\/wp\/v2\/types\/product"}],"wp:featuredmedia":[{"embeddable":true,"href":"https:\/\/gsps.pl\/sklep\/wp-json\/wp\/v2\/media\/3945"}],"wp:attachment":[{"href":"https:\/\/gsps.pl\/sklep\/wp-json\/wp\/v2\/media?parent=3809"}],"wp:term":[{"taxonomy":"product_cat","embeddable":true,"href":"https:\/\/gsps.pl\/sklep\/wp-json\/wp\/v2\/product_cat?post=3809"},{"taxonomy":"product_tag","embeddable":true,"href":"https:\/\/gsps.pl\/sklep\/wp-json\/wp\/v2\/product_tag?post=3809"}],"curies":[{"name":"wp","href":"https:\/\/api.w.org\/{rel}","templated":true}]}}