{"id":3770,"date":"2025-06-01T13:13:01","date_gmt":"2025-06-01T11:13:01","guid":{"rendered":"https:\/\/gsps.pl\/sklep\/?post_type=product&#038;p=3770"},"modified":"2026-03-26T13:35:15","modified_gmt":"2026-03-26T12:35:15","slug":"ultra-szybkie-skiety-gsps","status":"publish","type":"product","link":"https:\/\/gsps.pl\/sklep\/produkt\/ultra-szybkie-skiety-gsps\/","title":{"rendered":"Ultra Szybkie Skiety GSPS"},"content":{"rendered":"<p><span style=\"font-weight: 400;\">Limitowane skarpetki z logo GSPS autorstwa <\/span><a href=\"https:\/\/linktr.ee\/luxianne\"><span style=\"font-weight: 400;\">Nusy<\/span><\/a><span style=\"font-weight: 400;\">. Skiety od speedruner\u00f3w dla speedruner\u00f3w, kt\u00f3rzy chc\u0105 by\u0107 szybcy nie tylko na LiveSplicie!<\/span><span style=\"font-weight: 400;\"><br \/>\n<\/span><span style=\"font-weight: 400;\">Uniwersalny rozmiar\u00a0 \u2013 pasuj\u0105 na wi\u0119kszo\u015b\u0107 st\u00f3p, niezale\u017cnie od tego czy biegniesz po rekord, czy na kanap\u0119.<\/span><span style=\"font-weight: 400;\"><br \/>\n<\/span><span style=\"font-weight: 400;\">Fioletowa baza z dynamicznym wzorem GSPS i pikselowymi gwiazdkami podkre\u015bli nie tylko Twoj\u0105 pasj\u0119 do szybko\u015bci, ale i wsparcie dla Fundacji!<\/span><\/p>\n<p><span style=\"font-weight: 400;\">Potencjalne efekty (nie)uboczne: +10 do szybkiego biegania i -5 do czasu \u0142adowania.<\/span><\/p>\n<p><b>Sk\u0142ad: <\/b><span style=\"font-weight: 400;\">80% bawe\u0142na, 15% poliamid, 5% elastan<\/span><span style=\"font-weight: 400;\"><br \/>\n<\/span><b>Producent: <\/b><span style=\"font-weight: 400;\">Spox Sox<\/span><\/p>\n<p>Wyprodukowane w Polsce<\/p>\n","protected":false},"excerpt":{"rendered":"<p>Limitowane skarpetki z logo GSPS autorstwa Nusy. Skiety od speedruner\u00f3w dla speedruner\u00f3w, kt\u00f3rzy chc\u0105 by\u0107 szybcy nie tylko na LiveSplicie!&#8230;<\/p>\n","protected":false},"featured_media":3212,"template":"","meta":[],"product_cat":[68],"product_tag":[],"class_list":{"0":"post-3770","1":"product","2":"type-product","3":"status-publish","4":"has-post-thumbnail","6":"product_cat-outlet","8":"first","9":"instock","10":"shipping-taxable","11":"purchasable","12":"product-type-simple"},"_links":{"self":[{"href":"https:\/\/gsps.pl\/sklep\/wp-json\/wp\/v2\/product\/3770","targetHints":{"allow":["GET"]}}],"collection":[{"href":"https:\/\/gsps.pl\/sklep\/wp-json\/wp\/v2\/product"}],"about":[{"href":"https:\/\/gsps.pl\/sklep\/wp-json\/wp\/v2\/types\/product"}],"wp:featuredmedia":[{"embeddable":true,"href":"https:\/\/gsps.pl\/sklep\/wp-json\/wp\/v2\/media\/3212"}],"wp:attachment":[{"href":"https:\/\/gsps.pl\/sklep\/wp-json\/wp\/v2\/media?parent=3770"}],"wp:term":[{"taxonomy":"product_cat","embeddable":true,"href":"https:\/\/gsps.pl\/sklep\/wp-json\/wp\/v2\/product_cat?post=3770"},{"taxonomy":"product_tag","embeddable":true,"href":"https:\/\/gsps.pl\/sklep\/wp-json\/wp\/v2\/product_tag?post=3770"}],"curies":[{"name":"wp","href":"https:\/\/api.w.org\/{rel}","templated":true}]}}