{"id":3654,"date":"2025-02-25T19:54:33","date_gmt":"2025-02-25T18:54:33","guid":{"rendered":"https:\/\/gsps.pl\/sklep\/?post_type=product&#038;p=3654"},"modified":"2026-03-23T22:52:32","modified_gmt":"2026-03-23T21:52:32","slug":"podkladka-pod-kubek-gsps-2-0","status":"publish","type":"product","link":"https:\/\/gsps.pl\/sklep\/produkt\/podkladka-pod-kubek-gsps-2-0\/","title":{"rendered":"Podk\u0142adka pod kubek GSPS 2.0"},"content":{"rendered":"<p><span style=\"font-weight: 400;\">Ka\u017cdy speedrunner doskonale wie, \u017ce chwila nieuwagi mo\u017ce sko\u0144czy\u0107 si\u0119 ma\u0142\u0105 katastrof\u0105 \u2013 dlatego nasze podk\u0142adki korkowe to must-have dla ka\u017cdego entuzjasty speedrun\u00f3w (i gor\u0105cej kawy!). Pasuj\u0105 nawet do wi\u0119kszych kubk\u00f3w, skutecznie chroni\u0105c biurka i blaty przed niechcianymi plamami.<\/span><\/p>\n<p><span style=\"font-weight: 400;\">Ale to nie tylko praktyczny gad\u017cet \u2013 to tak\u017ce stylowy dodatek! Pikselowe kubeczki w motywie retro i logo Fundacji sprawiaj\u0105, \u017ce podk\u0142adka \u015bwietnie wygl\u0105da w ka\u017cdej przestrzeni. A co najlepsze? Kupuj\u0105c j\u0105, wspierasz dalszy rozw\u00f3j Fundacji GSPS i pokazujesz, \u017ce jeste\u015b cz\u0119\u015bci\u0105 naszej spo\u0142eczno\u015bci!<\/span><\/p>\n<p>&nbsp;<\/p>\n<p><b>&#8211; wymiary<\/b>:<span style=\"font-weight: 400;\"> oko\u0142o 98 x 98 mm<\/span><\/p>\n<p><b>&#8211; grubo\u015b\u0107<\/b><span style=\"font-weight: 400;\">: 2 mm<\/span><\/p>\n<p><b>&#8211; materia\u0142<\/b>:<span style=\"font-weight: 400;\"> lakierowana tektura \/ korek naturalny<\/span><\/p>\n<p>&nbsp;<\/p>\n<p><strong>Uwaga!<\/strong> Produkt nie zawiera <a href=\"https:\/\/gsps.pl\/sklep\/produkt\/kubek-gsps-2-0\/\">kubka<\/a>.<\/p>\n","protected":false},"excerpt":{"rendered":"<p>Ka\u017cdy speedrunner doskonale wie, \u017ce chwila nieuwagi mo\u017ce sko\u0144czy\u0107 si\u0119 ma\u0142\u0105 katastrof\u0105 \u2013 dlatego nasze podk\u0142adki korkowe to must-have dla&#8230;<\/p>\n","protected":false},"featured_media":3658,"template":"","meta":[],"product_cat":[56],"product_tag":[],"class_list":{"0":"post-3654","1":"product","2":"type-product","3":"status-publish","4":"has-post-thumbnail","6":"product_cat-podkladki","8":"first","9":"instock","10":"shipping-taxable","11":"purchasable","12":"product-type-simple"},"_links":{"self":[{"href":"https:\/\/gsps.pl\/sklep\/wp-json\/wp\/v2\/product\/3654","targetHints":{"allow":["GET"]}}],"collection":[{"href":"https:\/\/gsps.pl\/sklep\/wp-json\/wp\/v2\/product"}],"about":[{"href":"https:\/\/gsps.pl\/sklep\/wp-json\/wp\/v2\/types\/product"}],"wp:featuredmedia":[{"embeddable":true,"href":"https:\/\/gsps.pl\/sklep\/wp-json\/wp\/v2\/media\/3658"}],"wp:attachment":[{"href":"https:\/\/gsps.pl\/sklep\/wp-json\/wp\/v2\/media?parent=3654"}],"wp:term":[{"taxonomy":"product_cat","embeddable":true,"href":"https:\/\/gsps.pl\/sklep\/wp-json\/wp\/v2\/product_cat?post=3654"},{"taxonomy":"product_tag","embeddable":true,"href":"https:\/\/gsps.pl\/sklep\/wp-json\/wp\/v2\/product_tag?post=3654"}],"curies":[{"name":"wp","href":"https:\/\/api.w.org\/{rel}","templated":true}]}}