{"id":3318,"date":"2025-01-24T20:27:41","date_gmt":"2025-01-24T19:27:41","guid":{"rendered":"https:\/\/gsps.pl\/sklep\/?post_type=product&#038;p=3318"},"modified":"2026-03-15T21:05:51","modified_gmt":"2026-03-15T20:05:51","slug":"koszulka-eventowa-gsps-dzieciom-2025-2","status":"publish","type":"product","link":"https:\/\/gsps.pl\/sklep\/produkt\/koszulka-eventowa-gsps-dzieciom-2025-2\/","title":{"rendered":"Koszulka Eventowa GSPS Dzieciom 2025"},"content":{"rendered":"<p><span style=\"font-weight: 400;\">Koszulka 100% bawe\u0142na. Wz\u00f3r zaprojektowany przez <\/span><a href=\"https:\/\/linktr.ee\/piankart\"><b>piank\u0119<\/b><\/a><span style=\"font-weight: 400;\">.<\/span><\/p>\n<p><span style=\"font-weight: 400;\"><strong>Ilo\u015b\u0107 koszulek jest limitowana<\/strong>\u00a0i wz\u00f3r nie b\u0119dzie domawiany ponownie.<\/span><\/p>\n<p><strong>Finalny produkt mo\u017ce si\u0119 r\u00f3\u017cni\u0107 od wersji pogl\u0105dowej na stronie!<\/strong><\/p>\n<p><span style=\"font-weight: 400;\">Tabela rozmiar\u00f3w:<\/span><\/p>\n<p><img loading=\"lazy\" decoding=\"async\" class=\"alignnone wp-image-2526\" src=\"https:\/\/gsps.pl\/sklep\/wp-content\/uploads\/2024\/01\/tabela-rozmiarow-labelart-300x211.png\" alt=\"\" width=\"652\" height=\"459\" srcset=\"https:\/\/gsps.pl\/sklep\/wp-content\/uploads\/2024\/01\/tabela-rozmiarow-labelart-300x211.png 300w, https:\/\/gsps.pl\/sklep\/wp-content\/uploads\/2024\/01\/tabela-rozmiarow-labelart-1024x722.png 1024w, https:\/\/gsps.pl\/sklep\/wp-content\/uploads\/2024\/01\/tabela-rozmiarow-labelart-768x541.png 768w, https:\/\/gsps.pl\/sklep\/wp-content\/uploads\/2024\/01\/tabela-rozmiarow-labelart-1536x1083.png 1536w, https:\/\/gsps.pl\/sklep\/wp-content\/uploads\/2024\/01\/tabela-rozmiarow-labelart-2048x1444.png 2048w, https:\/\/gsps.pl\/sklep\/wp-content\/uploads\/2024\/01\/tabela-rozmiarow-labelart-1320x931.png 1320w, https:\/\/gsps.pl\/sklep\/wp-content\/uploads\/2024\/01\/tabela-rozmiarow-labelart-600x423.png 600w\" sizes=\"auto, (max-width: 652px) 100vw, 652px\" \/><\/p>\n","protected":false},"excerpt":{"rendered":"<p>Koszulka 100% bawe\u0142na. Wz\u00f3r zaprojektowany przez piank\u0119. Ilo\u015b\u0107 koszulek jest limitowana\u00a0i wz\u00f3r nie b\u0119dzie domawiany ponownie. Finalny produkt mo\u017ce si\u0119&#8230;<\/p>\n","protected":false},"featured_media":3207,"template":"","meta":[],"product_cat":[44,68],"product_tag":[],"class_list":{"0":"post-3318","1":"product","2":"type-product","3":"status-publish","4":"has-post-thumbnail","6":"product_cat-koszulki","7":"product_cat-outlet","9":"first","10":"instock","11":"shipping-taxable","12":"purchasable","13":"product-type-variable"},"_links":{"self":[{"href":"https:\/\/gsps.pl\/sklep\/wp-json\/wp\/v2\/product\/3318","targetHints":{"allow":["GET"]}}],"collection":[{"href":"https:\/\/gsps.pl\/sklep\/wp-json\/wp\/v2\/product"}],"about":[{"href":"https:\/\/gsps.pl\/sklep\/wp-json\/wp\/v2\/types\/product"}],"wp:featuredmedia":[{"embeddable":true,"href":"https:\/\/gsps.pl\/sklep\/wp-json\/wp\/v2\/media\/3207"}],"wp:attachment":[{"href":"https:\/\/gsps.pl\/sklep\/wp-json\/wp\/v2\/media?parent=3318"}],"wp:term":[{"taxonomy":"product_cat","embeddable":true,"href":"https:\/\/gsps.pl\/sklep\/wp-json\/wp\/v2\/product_cat?post=3318"},{"taxonomy":"product_tag","embeddable":true,"href":"https:\/\/gsps.pl\/sklep\/wp-json\/wp\/v2\/product_tag?post=3318"}],"curies":[{"name":"wp","href":"https:\/\/api.w.org\/{rel}","templated":true}]}}