{"id":2961,"date":"2024-09-05T18:33:42","date_gmt":"2024-09-05T16:33:42","guid":{"rendered":"https:\/\/gsps.pl\/sklep\/?post_type=product&#038;p=2961"},"modified":"2026-02-01T16:46:42","modified_gmt":"2026-02-01T15:46:42","slug":"koszulka-sportowa-od-fundacji-itaka-z-gsps-2024","status":"publish","type":"product","link":"https:\/\/gsps.pl\/sklep\/produkt\/koszulka-sportowa-od-fundacji-itaka-z-gsps-2024\/","title":{"rendered":"Koszulka sportowa od fundacji ITAKA z GSPS 2024"},"content":{"rendered":"<p>Fundacja ITAKA powraca ponownie z wyj\u0105tkow\u0105 form\u0105 podzi\u0119kowania za wsparcie s\u0142usznej sprawy.<\/p>\n<p>Unikalny wz\u00f3r stworzony zosta\u0142 specjalnie dla wszystkich speedruner\u00f3w i innych, kt\u00f3rzy wspieraj\u0105 dzia\u0142alno\u015b\u0107 Fundacji GSPS. Wygodny kr\u00f3j i wysokiej jako\u015bci materia\u0142 gwarantuj\u0105 komfort zar\u00f3wno podczas emocjonuj\u0105cych rozgrywek komputerowych, jak i wieczornego biegania po trawie.<\/p>\n<p><b>Sk\u0142ad: <\/b>100% Poliester<\/p>\n","protected":false},"excerpt":{"rendered":"<p>Fundacja ITAKA powraca ponownie z wyj\u0105tkow\u0105 form\u0105 podzi\u0119kowania za wsparcie s\u0142usznej sprawy. Unikalny wz\u00f3r stworzony zosta\u0142 specjalnie dla wszystkich speedruner\u00f3w&#8230;<\/p>\n","protected":false},"featured_media":2812,"template":"","meta":[],"product_cat":[44,68],"product_tag":[],"class_list":{"0":"post-2961","1":"product","2":"type-product","3":"status-publish","4":"has-post-thumbnail","6":"product_cat-koszulki","7":"product_cat-outlet","9":"first","10":"instock","11":"shipping-taxable","12":"purchasable","13":"product-type-variable"},"_links":{"self":[{"href":"https:\/\/gsps.pl\/sklep\/wp-json\/wp\/v2\/product\/2961","targetHints":{"allow":["GET"]}}],"collection":[{"href":"https:\/\/gsps.pl\/sklep\/wp-json\/wp\/v2\/product"}],"about":[{"href":"https:\/\/gsps.pl\/sklep\/wp-json\/wp\/v2\/types\/product"}],"wp:featuredmedia":[{"embeddable":true,"href":"https:\/\/gsps.pl\/sklep\/wp-json\/wp\/v2\/media\/2812"}],"wp:attachment":[{"href":"https:\/\/gsps.pl\/sklep\/wp-json\/wp\/v2\/media?parent=2961"}],"wp:term":[{"taxonomy":"product_cat","embeddable":true,"href":"https:\/\/gsps.pl\/sklep\/wp-json\/wp\/v2\/product_cat?post=2961"},{"taxonomy":"product_tag","embeddable":true,"href":"https:\/\/gsps.pl\/sklep\/wp-json\/wp\/v2\/product_tag?post=2961"}],"curies":[{"name":"wp","href":"https:\/\/api.w.org\/{rel}","templated":true}]}}