{"id":2405,"date":"2024-03-12T18:52:47","date_gmt":"2024-03-12T17:52:47","guid":{"rendered":"https:\/\/gsps.pl\/sklep\/?post_type=product&#038;p=2405"},"modified":"2026-03-26T13:35:15","modified_gmt":"2026-03-26T12:35:15","slug":"magnes-na-lodowke-gsps","status":"publish","type":"product","link":"https:\/\/gsps.pl\/sklep\/produkt\/magnes-na-lodowke-gsps\/","title":{"rendered":"Magnes na lod\u00f3wk\u0119 GSPS"},"content":{"rendered":"<p>Wzboga\u0107 swoj\u0105 lod\u00f3wk\u0119 o kawa\u0142ek dobrej energii z magnesem GSPS! Ten magnes to \u015bwietny spos\u00f3b, by codziennie przypomina\u0107 sobie o niezapomnianych momentach z event\u00f3w, kiedy robisz sobie kanapk\u0119! Doskona\u0142y na ka\u017cdej metalowej powierzchni \u2013 od lod\u00f3wki po tablic\u0119 magnetyczn\u0105.<\/p>\n<p><strong>Wymiary:<\/strong> 5&#215;5 cm<\/p>\n","protected":false},"excerpt":{"rendered":"<p>Wzboga\u0107 swoj\u0105 lod\u00f3wk\u0119 o kawa\u0142ek dobrej energii z magnesem GSPS! Ten magnes to \u015bwietny spos\u00f3b, by codziennie przypomina\u0107 sobie o&#8230;<\/p>\n","protected":false},"featured_media":2407,"template":"","meta":[],"product_cat":[67],"product_tag":[],"class_list":{"0":"post-2405","1":"product","2":"type-product","3":"status-publish","4":"has-post-thumbnail","6":"product_cat-inne-gadzety","8":"first","9":"instock","10":"shipping-taxable","11":"purchasable","12":"product-type-simple"},"_links":{"self":[{"href":"https:\/\/gsps.pl\/sklep\/wp-json\/wp\/v2\/product\/2405","targetHints":{"allow":["GET"]}}],"collection":[{"href":"https:\/\/gsps.pl\/sklep\/wp-json\/wp\/v2\/product"}],"about":[{"href":"https:\/\/gsps.pl\/sklep\/wp-json\/wp\/v2\/types\/product"}],"wp:featuredmedia":[{"embeddable":true,"href":"https:\/\/gsps.pl\/sklep\/wp-json\/wp\/v2\/media\/2407"}],"wp:attachment":[{"href":"https:\/\/gsps.pl\/sklep\/wp-json\/wp\/v2\/media?parent=2405"}],"wp:term":[{"taxonomy":"product_cat","embeddable":true,"href":"https:\/\/gsps.pl\/sklep\/wp-json\/wp\/v2\/product_cat?post=2405"},{"taxonomy":"product_tag","embeddable":true,"href":"https:\/\/gsps.pl\/sklep\/wp-json\/wp\/v2\/product_tag?post=2405"}],"curies":[{"name":"wp","href":"https:\/\/api.w.org\/{rel}","templated":true}]}}