{"id":2403,"date":"2024-03-12T18:52:16","date_gmt":"2024-03-12T17:52:16","guid":{"rendered":"https:\/\/gsps.pl\/sklep\/?post_type=product&#038;p=2403"},"modified":"2026-03-26T18:21:39","modified_gmt":"2026-03-26T17:21:39","slug":"brelok-do-kluczy-gsps","status":"publish","type":"product","link":"https:\/\/gsps.pl\/sklep\/produkt\/brelok-do-kluczy-gsps\/","title":{"rendered":"Brelok do kluczy GSPS"},"content":{"rendered":"<p>Ten breloczek to praktyczny spos\u00f3b, by nosi\u0107 ze sob\u0105 kawa\u0142ek GSPS! Ten ma\u0142y i wytrzyma\u0142y gad\u017cet b\u0119dzie doskona\u0142ym dodatkiem do kluczy, plecaka lub torby.<\/p>\n<p>Ma\u0142y, ale znacz\u0105cy \u2013 kupno tego breloczka nie tylko b\u0119dzie przypomina\u0142o Ci o wsparciu i zami\u0142owania do gier i pomocy gdziekolwiek b\u0119dziesz, ale i dorzucisz ma\u0142\u0105 cegie\u0142k\u0119 do rozwoju Fundacji!<\/p>\n<p><strong>Wymiary:<\/strong> 5,4 cm x 2,2 cm<\/p>\n","protected":false},"excerpt":{"rendered":"<p>Ten breloczek to praktyczny spos\u00f3b, by nosi\u0107 ze sob\u0105 kawa\u0142ek GSPS! Ten ma\u0142y i wytrzyma\u0142y gad\u017cet b\u0119dzie doskona\u0142ym dodatkiem do&#8230;<\/p>\n","protected":false},"featured_media":2404,"template":"","meta":[],"product_cat":[67],"product_tag":[],"class_list":{"0":"post-2403","1":"product","2":"type-product","3":"status-publish","4":"has-post-thumbnail","6":"product_cat-inne-gadzety","8":"first","9":"instock","10":"shipping-taxable","11":"purchasable","12":"product-type-simple"},"_links":{"self":[{"href":"https:\/\/gsps.pl\/sklep\/wp-json\/wp\/v2\/product\/2403","targetHints":{"allow":["GET"]}}],"collection":[{"href":"https:\/\/gsps.pl\/sklep\/wp-json\/wp\/v2\/product"}],"about":[{"href":"https:\/\/gsps.pl\/sklep\/wp-json\/wp\/v2\/types\/product"}],"wp:featuredmedia":[{"embeddable":true,"href":"https:\/\/gsps.pl\/sklep\/wp-json\/wp\/v2\/media\/2404"}],"wp:attachment":[{"href":"https:\/\/gsps.pl\/sklep\/wp-json\/wp\/v2\/media?parent=2403"}],"wp:term":[{"taxonomy":"product_cat","embeddable":true,"href":"https:\/\/gsps.pl\/sklep\/wp-json\/wp\/v2\/product_cat?post=2403"},{"taxonomy":"product_tag","embeddable":true,"href":"https:\/\/gsps.pl\/sklep\/wp-json\/wp\/v2\/product_tag?post=2403"}],"curies":[{"name":"wp","href":"https:\/\/api.w.org\/{rel}","templated":true}]}}