{"id":2220,"date":"2024-01-11T21:24:41","date_gmt":"2024-01-11T20:24:41","guid":{"rendered":"https:\/\/gsps.pl\/sklep\/?post_type=product&#038;p=2220"},"modified":"2026-01-16T17:19:33","modified_gmt":"2026-01-16T16:19:33","slug":"koszulka-od-fundacji-itaka-z-gsps-2023","status":"publish","type":"product","link":"https:\/\/gsps.pl\/sklep\/produkt\/koszulka-od-fundacji-itaka-z-gsps-2023\/","title":{"rendered":"Koszulka od Fundacji ITAKA z GSPS 2023"},"content":{"rendered":"<p>Ta wyj\u0105tkowa, oddychaj\u0105ca koszulka sportowa to nie tylko wygodny kawa\u0142ek garderoby, ale tak\u017ce wyraz wsparcia dla dzia\u0142a\u0144 Fundacji GSPS oraz ITAKA.<\/p>\n<p>Jej design nawi\u0105zuje do wsp\u00f3lnej misji \u2013 pomagania tym, kt\u00f3rzy tego potrzebuj\u0105 i naszej mi\u0142o\u015bci do gier. Wygodny kr\u00f3j i wysokiej jako\u015bci materia\u0142 sprawiaj\u0105, \u017ce mo\u017cesz j\u0105 nosi\u0107 na co dzie\u0144, jest te\u017c idealna na d\u0142ugie sesje Stepmanii lub wyj\u015bcia na si\u0142owni\u0119.<\/p>\n<p><b>Sk\u0142ad: <\/b>100% Poliester<b><br \/>\n<\/b><\/p>\n","protected":false},"excerpt":{"rendered":"<p>Ta wyj\u0105tkowa, oddychaj\u0105ca koszulka sportowa to nie tylko wygodny kawa\u0142ek garderoby, ale tak\u017ce wyraz wsparcia dla dzia\u0142a\u0144 Fundacji GSPS oraz&#8230;<\/p>\n","protected":false},"featured_media":2221,"template":"","meta":[],"product_cat":[44,68],"product_tag":[],"class_list":{"0":"post-2220","1":"product","2":"type-product","3":"status-publish","4":"has-post-thumbnail","6":"product_cat-koszulki","7":"product_cat-outlet","9":"first","10":"instock","11":"shipping-taxable","12":"purchasable","13":"product-type-variable"},"_links":{"self":[{"href":"https:\/\/gsps.pl\/sklep\/wp-json\/wp\/v2\/product\/2220","targetHints":{"allow":["GET"]}}],"collection":[{"href":"https:\/\/gsps.pl\/sklep\/wp-json\/wp\/v2\/product"}],"about":[{"href":"https:\/\/gsps.pl\/sklep\/wp-json\/wp\/v2\/types\/product"}],"wp:featuredmedia":[{"embeddable":true,"href":"https:\/\/gsps.pl\/sklep\/wp-json\/wp\/v2\/media\/2221"}],"wp:attachment":[{"href":"https:\/\/gsps.pl\/sklep\/wp-json\/wp\/v2\/media?parent=2220"}],"wp:term":[{"taxonomy":"product_cat","embeddable":true,"href":"https:\/\/gsps.pl\/sklep\/wp-json\/wp\/v2\/product_cat?post=2220"},{"taxonomy":"product_tag","embeddable":true,"href":"https:\/\/gsps.pl\/sklep\/wp-json\/wp\/v2\/product_tag?post=2220"}],"curies":[{"name":"wp","href":"https:\/\/api.w.org\/{rel}","templated":true}]}}