{"id":2219,"date":"2024-01-11T21:09:28","date_gmt":"2024-01-11T20:09:28","guid":{"rendered":"https:\/\/gsps.pl\/sklep\/?post_type=product&#038;p=2219"},"modified":"2026-03-15T22:39:41","modified_gmt":"2026-03-15T21:39:41","slug":"okulary-przeciwsloneczne-z-logiem-gsps","status":"publish","type":"product","link":"https:\/\/gsps.pl\/sklep\/produkt\/okulary-przeciwsloneczne-z-logiem-gsps\/","title":{"rendered":"Okulary przeciws\u0142oneczne z logiem GSPS"},"content":{"rendered":"<p>Pami\u0119tacie szybki gang? Teraz i Wy mo\u017cecie by\u0107 jego cz\u0119\u015bci\u0105 dzi\u0119ki temu gad\u017cetowi!<\/p>\n<p>Te stylowe okulary przeciws\u0142oneczne \u0142\u0105cz\u0105 funkcjonalno\u015b\u0107 z przes\u0142aniem \u2013 subtelne logo GSPS przypomina, \u017ce ka\u017cda pomoc ma znaczenie! No\u015b je z dum\u0105 i wspieraj dobr\u0105 spraw\u0119 w szybkim stylu!<\/p>\n","protected":false},"excerpt":{"rendered":"<p>Pami\u0119tacie szybki gang? Teraz i Wy mo\u017cecie by\u0107 jego cz\u0119\u015bci\u0105 dzi\u0119ki temu gad\u017cetowi! Te stylowe okulary przeciws\u0142oneczne \u0142\u0105cz\u0105 funkcjonalno\u015b\u0107 z&#8230;<\/p>\n","protected":false},"featured_media":2981,"template":"","meta":[],"product_cat":[68],"product_tag":[],"class_list":{"0":"post-2219","1":"product","2":"type-product","3":"status-publish","4":"has-post-thumbnail","6":"product_cat-outlet","8":"first","9":"instock","10":"shipping-taxable","11":"purchasable","12":"product-type-simple"},"_links":{"self":[{"href":"https:\/\/gsps.pl\/sklep\/wp-json\/wp\/v2\/product\/2219","targetHints":{"allow":["GET"]}}],"collection":[{"href":"https:\/\/gsps.pl\/sklep\/wp-json\/wp\/v2\/product"}],"about":[{"href":"https:\/\/gsps.pl\/sklep\/wp-json\/wp\/v2\/types\/product"}],"wp:featuredmedia":[{"embeddable":true,"href":"https:\/\/gsps.pl\/sklep\/wp-json\/wp\/v2\/media\/2981"}],"wp:attachment":[{"href":"https:\/\/gsps.pl\/sklep\/wp-json\/wp\/v2\/media?parent=2219"}],"wp:term":[{"taxonomy":"product_cat","embeddable":true,"href":"https:\/\/gsps.pl\/sklep\/wp-json\/wp\/v2\/product_cat?post=2219"},{"taxonomy":"product_tag","embeddable":true,"href":"https:\/\/gsps.pl\/sklep\/wp-json\/wp\/v2\/product_tag?post=2219"}],"curies":[{"name":"wp","href":"https:\/\/api.w.org\/{rel}","templated":true}]}}