{"id":2218,"date":"2024-01-11T21:02:57","date_gmt":"2024-01-11T20:02:57","guid":{"rendered":"https:\/\/gsps.pl\/sklep\/?post_type=product&#038;p=2218"},"modified":"2026-03-23T22:52:32","modified_gmt":"2026-03-23T21:52:32","slug":"mydlo-gsps-o-zapachu-aloesu","status":"publish","type":"product","link":"https:\/\/gsps.pl\/sklep\/produkt\/mydlo-gsps-o-zapachu-aloesu\/","title":{"rendered":"Myd\u0142o GSPS o zapachu aloesu"},"content":{"rendered":"<p>Delikatne myd\u0142o, kt\u00f3rego \u0142agodna formu\u0142a nawil\u017ca i koi, a \u015bwie\u017cy zapach aloesu sprawia, \u017ce ka\u017cda chwila piel\u0119gnacji staje si\u0119 przyjemno\u015bci\u0105. Idealne na prysznic po mocnej sesji grania w rytmiki lub wyj\u0105tkowo stresuj\u0105cym speedrunie.<\/p>\n","protected":false},"excerpt":{"rendered":"<p>Delikatne myd\u0142o, kt\u00f3rego \u0142agodna formu\u0142a nawil\u017ca i koi, a \u015bwie\u017cy zapach aloesu sprawia, \u017ce ka\u017cda chwila piel\u0119gnacji staje si\u0119 przyjemno\u015bci\u0105&#8230;.<\/p>\n","protected":false},"featured_media":2980,"template":"","meta":[],"product_cat":[68],"product_tag":[],"class_list":{"0":"post-2218","1":"product","2":"type-product","3":"status-publish","4":"has-post-thumbnail","6":"product_cat-outlet","8":"first","9":"instock","10":"shipping-taxable","11":"purchasable","12":"product-type-simple"},"_links":{"self":[{"href":"https:\/\/gsps.pl\/sklep\/wp-json\/wp\/v2\/product\/2218","targetHints":{"allow":["GET"]}}],"collection":[{"href":"https:\/\/gsps.pl\/sklep\/wp-json\/wp\/v2\/product"}],"about":[{"href":"https:\/\/gsps.pl\/sklep\/wp-json\/wp\/v2\/types\/product"}],"wp:featuredmedia":[{"embeddable":true,"href":"https:\/\/gsps.pl\/sklep\/wp-json\/wp\/v2\/media\/2980"}],"wp:attachment":[{"href":"https:\/\/gsps.pl\/sklep\/wp-json\/wp\/v2\/media?parent=2218"}],"wp:term":[{"taxonomy":"product_cat","embeddable":true,"href":"https:\/\/gsps.pl\/sklep\/wp-json\/wp\/v2\/product_cat?post=2218"},{"taxonomy":"product_tag","embeddable":true,"href":"https:\/\/gsps.pl\/sklep\/wp-json\/wp\/v2\/product_tag?post=2218"}],"curies":[{"name":"wp","href":"https:\/\/api.w.org\/{rel}","templated":true}]}}