{"id":2121,"date":"2023-08-23T08:31:02","date_gmt":"2023-08-23T06:31:02","guid":{"rendered":"https:\/\/gsps.pl\/sklep\/?post_type=product&#038;p=2121"},"modified":"2026-01-12T22:24:16","modified_gmt":"2026-01-12T21:24:16","slug":"pocztowka-cooking-mama","status":"publish","type":"product","link":"https:\/\/gsps.pl\/sklep\/produkt\/pocztowka-cooking-mama\/","title":{"rendered":"Poczt\u00f3wka Cooking Mama"},"content":{"rendered":"<p>Poczt\u00f3wka autorstwa <a href=\"https:\/\/linktr.ee\/piankart\">pianki<\/a> oddaj\u0105ca ducha chaotycznego runa z \u201eCooking Mama: Cookstar\u201d, gdzie 10 runner\u00f3w b\u0142yskawicznie przyrz\u0105dza\u0142o kolejne potrawy, wymieniaj\u0105c si\u0119 kontrolerem. Wymieszaj refleks z precyzj\u0105, dopraw szczypt\u0105 rywalizacji i voil\u00e0 \u2013 oto przepis na niezapomniany speedrun!<\/p>\n<p><strong>Format:<\/strong> 15 x 21 cm<\/p>\n<p><strong>Rodzaj papieru:<\/strong> kredowy, matowy, 350g<\/p>\n","protected":false},"excerpt":{"rendered":"<p>Poczt\u00f3wka autorstwa pianki oddaj\u0105ca ducha chaotycznego runa z \u201eCooking Mama: Cookstar\u201d, gdzie 10 runner\u00f3w b\u0142yskawicznie przyrz\u0105dza\u0142o kolejne potrawy, wymieniaj\u0105c si\u0119&#8230;<\/p>\n","protected":false},"featured_media":2122,"template":"","meta":[],"product_cat":[68],"product_tag":[],"class_list":{"0":"post-2121","1":"product","2":"type-product","3":"status-publish","4":"has-post-thumbnail","6":"product_cat-outlet","8":"first","9":"instock","10":"shipping-taxable","11":"purchasable","12":"product-type-simple"},"_links":{"self":[{"href":"https:\/\/gsps.pl\/sklep\/wp-json\/wp\/v2\/product\/2121","targetHints":{"allow":["GET"]}}],"collection":[{"href":"https:\/\/gsps.pl\/sklep\/wp-json\/wp\/v2\/product"}],"about":[{"href":"https:\/\/gsps.pl\/sklep\/wp-json\/wp\/v2\/types\/product"}],"wp:featuredmedia":[{"embeddable":true,"href":"https:\/\/gsps.pl\/sklep\/wp-json\/wp\/v2\/media\/2122"}],"wp:attachment":[{"href":"https:\/\/gsps.pl\/sklep\/wp-json\/wp\/v2\/media?parent=2121"}],"wp:term":[{"taxonomy":"product_cat","embeddable":true,"href":"https:\/\/gsps.pl\/sklep\/wp-json\/wp\/v2\/product_cat?post=2121"},{"taxonomy":"product_tag","embeddable":true,"href":"https:\/\/gsps.pl\/sklep\/wp-json\/wp\/v2\/product_tag?post=2121"}],"curies":[{"name":"wp","href":"https:\/\/api.w.org\/{rel}","templated":true}]}}