{"id":1164,"date":"2022-01-12T03:02:56","date_gmt":"2022-01-12T02:02:56","guid":{"rendered":"https:\/\/gsps.pl\/sklep\/?post_type=product&#038;p=1164"},"modified":"2026-03-23T22:52:32","modified_gmt":"2026-03-23T21:52:32","slug":"2-duze-naklejki-gsps","status":"publish","type":"product","link":"https:\/\/gsps.pl\/sklep\/produkt\/2-duze-naklejki-gsps\/","title":{"rendered":"2 du\u017ce naklejki GSPS"},"content":{"rendered":"<p>Zestaw naklejek z logo fundacji GSPS \u2013 idealny spos\u00f3b, by doda\u0107 odrobin\u0119 stylu wsz\u0119dzie, gdzie chcesz! Arkusz 2 du\u017cych naklejek, kt\u00f3re \u015bwietnie pasuj\u0105 na komputery, konsole czy termosy wyr\u00f3\u017cni\u0105 si\u0119 na ka\u017cdym przedmiocie.<\/p>\n<p><b>D\u0142u\u017cszy bok naklejki: <\/b>15 cm<\/p>\n","protected":false},"excerpt":{"rendered":"<p>Zestaw naklejek z logo fundacji GSPS \u2013 idealny spos\u00f3b, by doda\u0107 odrobin\u0119 stylu wsz\u0119dzie, gdzie chcesz! Arkusz 2 du\u017cych naklejek,&#8230;<\/p>\n","protected":false},"featured_media":2977,"template":"","meta":[],"product_cat":[54],"product_tag":[],"class_list":{"0":"post-1164","1":"product","2":"type-product","3":"status-publish","4":"has-post-thumbnail","6":"product_cat-naklejki","8":"first","9":"instock","10":"shipping-taxable","11":"purchasable","12":"product-type-simple"},"_links":{"self":[{"href":"https:\/\/gsps.pl\/sklep\/wp-json\/wp\/v2\/product\/1164","targetHints":{"allow":["GET"]}}],"collection":[{"href":"https:\/\/gsps.pl\/sklep\/wp-json\/wp\/v2\/product"}],"about":[{"href":"https:\/\/gsps.pl\/sklep\/wp-json\/wp\/v2\/types\/product"}],"wp:featuredmedia":[{"embeddable":true,"href":"https:\/\/gsps.pl\/sklep\/wp-json\/wp\/v2\/media\/2977"}],"wp:attachment":[{"href":"https:\/\/gsps.pl\/sklep\/wp-json\/wp\/v2\/media?parent=1164"}],"wp:term":[{"taxonomy":"product_cat","embeddable":true,"href":"https:\/\/gsps.pl\/sklep\/wp-json\/wp\/v2\/product_cat?post=1164"},{"taxonomy":"product_tag","embeddable":true,"href":"https:\/\/gsps.pl\/sklep\/wp-json\/wp\/v2\/product_tag?post=1164"}],"curies":[{"name":"wp","href":"https:\/\/api.w.org\/{rel}","templated":true}]}}