{"id":3,"date":"2021-10-13T22:02:23","date_gmt":"2021-10-13T20:02:23","guid":{"rendered":"https:\/\/gsps.pl\/sklep\/?page_id=3"},"modified":"2025-09-07T19:23:57","modified_gmt":"2025-09-07T17:23:57","slug":"warunki-korzystania","status":"publish","type":"page","link":"https:\/\/gsps.pl\/sklep\/warunki-korzystania\/","title":{"rendered":"Warunki korzystania"},"content":{"rendered":"\n<p class=\"has-woostify-heading-3-font-size\"><strong>Polityka sprzeda\u017cy i dostaw<\/strong><\/p>\n\n\n\n<ol class=\"wp-block-list\">\n<li>Podmiotem odpowiedzialnym za sprzeda\u017c w sklepie GSPS jest Fundacja GSPS \u2013 Gramy Szybko Pomagamy Skutecznie, ul. \u015aw. Filipa 23\/3, 31-150 Krak\u00f3w, NIP: 6751754010, KRS: 0000911718, REGON: 38947655700000, zwana dalej <strong>Fundacj\u0105<\/strong>, oferuj\u0105ca towary osobom fizycznym zwanym dalej <strong>Kupuj\u0105cymi<\/strong>.<\/li>\n\n\n\n<li>Bezpo\u015bredni kontakt z Fundacj\u0105 jest mo\u017cliwy poprzez e-mail na adres <a href=\"mailto:kontakt@gsps.pl\">kontakt@gsps.pl<\/a> lub <a href=\"mailto:sklep@gsps.pl\">sklep@gsps.pl<\/a>.<\/li>\n\n\n\n<li>Przedmioty fizyczne zakupione w sklepie GSPS mog\u0105 zosta\u0107 odebrane drog\u0105 wysy\u0142kow\u0105 lub osobi\u015bcie podczas najbli\u017cszego wydarzenia z serii GSPS, o ile takie zosta\u0142o wcze\u015bniej oficjalnie zapowiedziane za pomoc\u0105 kana\u0142\u00f3w informacyjnych Fundacji, m.in. strony <a href=\"http:\/\/www.gsps.pl\/\">www.gsps.pl<\/a>, serwera Polish Speedrunners w platformie Discord, kana\u0142u GramyPomagamy w serwisie Twitch lub na profilach Fundacji w mediach spo\u0142eczno\u015bciowych.<\/li>\n\n\n\n<li>Sk\u0142adaj\u0105c zam\u00f3wienie, Kupuj\u0105cy wybiera odpowiadaj\u0105c\u0105 mu form\u0119 przekazania towaru fizycznego.<\/li>\n\n\n\n<li>W przypadku wyboru formy wysy\u0142kowej, Kupuj\u0105cy upowa\u017cnia Fundacj\u0119 do zakupu us\u0142ugi wysy\u0142kowej od wybranej przez Kupuj\u0105cego firmy w jego imieniu. Fundacja w tym przypadku nie oferuje us\u0142ugi transportu, a jedynie po\u015bredniczy w jej zakupie nie otrzymuj\u0105c z tego tytu\u0142u zysku ani straty.<\/li>\n\n\n\n<li>Przedmioty niefizyczne (np. bilety w formie elektronicznej) nie podlegaj\u0105 standardowym procedurom wysy\u0142ki lub odbioru osobistego i reklamacji.&nbsp;<\/li>\n\n\n\n<li>Informacja o tym, i\u017c dany przedmiot nie jest przedmiotem fizycznym, a tak\u017ce dok\u0142adnie okre\u015blony spos\u00f3b jego niestandardowego przekazania znajduje si\u0119 w opisie danego przedmiotu w sklepie.<\/li>\n<\/ol>\n\n\n\n<p class=\"has-woostify-heading-3-font-size\"><strong>Polityka dotycz\u0105ca ochrony danych osobowych i prywatno\u015bci<\/strong><\/p>\n\n\n\n<p>Obs\u0142uga sklepu GSPS wymaga zdobywania oraz przetwarzania danych osobowych. Poni\u017cej znajduj\u0105 si\u0119 informacje o tym, jakie dane przetwarzamy oraz w jakim celu.<\/p>\n\n\n\n<p class=\"has-woostify-heading-5-font-size\"><strong>Informacje, kt\u00f3re mo\u017cemy otrzymywa\u0107:<\/strong><\/p>\n\n\n\n<ul class=\"wp-block-list\">\n<li>Imi\u0119<\/li>\n\n\n\n<li>Nazwisko<\/li>\n\n\n\n<li>Adres zamieszkania<\/li>\n\n\n\n<li>Numer telefonu<\/li>\n\n\n\n<li>E-mail<\/li>\n<\/ul>\n\n\n\n<p>W jaki spos\u00f3b zdobywamy dane:<\/p>\n\n\n\n<p>W przypadku sklepu GSPS, dane s\u0105 przekazywane Fundacji przez Kupuj\u0105cych decyduj\u0105cych si\u0119 na zakup towaru w sklepie.<\/p>\n\n\n\n<p class=\"has-woostify-heading-3-font-size\"><strong>Dlaczego u\u017cywamy danych:<\/strong><\/p>\n\n\n\n<p>Dane pozyskiwane podczas zakupu towaru przez Kupuj\u0105cych s\u0105 potrzebne do prawid\u0142owego przeprowadzenia us\u0142ugi sprzeda\u017cy.\u00a0<\/p>\n\n\n\n<p>Zawsze zbieramy tylko te dane, kt\u00f3re s\u0105 potrzebne nam lub osobie trzeciej wykonuj\u0105cej us\u0142ug\u0119 dostarczenia towaru do Kupuj\u0105cego.<\/p>\n\n\n\n<p class=\"has-woostify-heading-5-font-size\"><strong>Z kim dzielimy si\u0119 danymi:<\/strong><\/p>\n\n\n\n<p>W przypadku sklepu GSPS, poza Fundacj\u0105 GSPS wgl\u0105d do danych Kupuj\u0105cego b\u0119dzie mie\u0107 wy\u0142\u0105cznie firma \u015bwiadcz\u0105ca us\u0142ug\u0119 wysy\u0142ki towaru. Wi\u0119cej informacji w polityce prywatno\u015bci <a href=\"https:\/\/gsps.pl\/polityka\">https:\/\/gsps.pl\/polityka<\/a>.<\/p>\n\n\n\n<p class=\"has-woostify-heading-5-font-size\"><strong>Jakie prawa posiadam w czasie interakcji z GSPS?<\/strong><\/p>\n\n\n\n<p>Wydarzenia z serii GSPS odbywaj\u0105 si\u0119 w Polsce, a wi\u0119c ca\u0142o\u015b\u0107 interakcji os\u00f3b trzecich z GSPS podlega prawu polskiemu oraz UE, w tym Rozporz\u0105dzeniu o Ochronie Danych Osobowych (RODO).<\/p>\n\n\n\n<p>Oznacza to, \u017ce osoba wchodz\u0105ca w interakcj\u0119 z GSPS jest w\u0142a\u015bcicielem swoich danych osobowych i w dowolnym momencie mo\u017ce za\u017c\u0105da\u0107 kopii wszystkich tych danych, a tak\u017ce za\u017c\u0105da\u0107 usuni\u0119cia wszystkich u\u017cywanych przez nas danych. Mo\u017cemy odm\u00f3wi\u0107, je\u015bli sytuacja ta znacznie utrudni\u0142aby lub uniemo\u017cliwi\u0142aby nam dalsze dzia\u0142ania, jednak zawsze b\u0119dziemy starali si\u0119 doj\u015b\u0107 do porozumienia w tej kwestii.<\/p>\n\n\n\n<p>W przypadku ch\u0119ci skorzystania z tych lub innych przys\u0142uguj\u0105cych u\u017cytkownikowi danych, prosimy o kontakt pod adresem <a href=\"mailto:kontakt@gsps.pl\">kontakt@gsps.pl<\/a> lub w przypadku zam\u00f3wie\u0144 w sklepie na <a href=\"mailto:sklep@gsps.pl\">sklep@gsps.pl<\/a>.<\/p>\n\n\n\n<p class=\"has-woostify-heading-3-font-size\"><strong>Procedura sk\u0142adania i rozpatrywania reklamacji<\/strong><\/p>\n\n\n\n<ol class=\"wp-block-list\">\n<li>Ka\u017cdy Kupuj\u0105cy ma prawo do zg\u0142oszenia reklamacji zakupionego towaru.<\/li>\n\n\n\n<li>Reklamacja mo\u017ce zosta\u0107 z\u0142o\u017cona w ci\u0105gu jednego roku od otrzymania przez Kupuj\u0105cego zakupionego towaru.<\/li>\n\n\n\n<li>Reklamacja mo\u017cliwa jest w sytuacji otrzymania przez Kupuj\u0105cego towaru, kt\u00f3ry jest niezgodny z towarem zam\u00f3wionym lub posiada wady niewynikaj\u0105ce z winy Kupuj\u0105cego.<\/li>\n\n\n\n<li>W celu zg\u0142oszenia reklamacji, Kupuj\u0105cy zobowi\u0105zany jest do wys\u0142ania wiadomo\u015bci e-mail na adres sklep@gsps.pl opisuj\u0105cej przedmiot i pow\u00f3d reklamacji, za\u0142\u0105czaj\u0105c obowi\u0105zkowo potwierdzenie zakupu towaru oraz opcjonalnie zdj\u0119\u0107 przedstawiaj\u0105cych wady otrzymanego towaru.<\/li>\n\n\n\n<li>Zg\u0142oszona reklamacja zostanie rozpatrzona przez Fundacj\u0119 w ci\u0105gu 14 dni, w tym terminie Kupuj\u0105cy otrzyma odpowied\u017a zawieraj\u0105c\u0105 finaln\u0105 decyzj\u0119.<\/li>\n\n\n\n<li>W trakcie podejmowania decyzji Fundacja mo\u017ce wnioskowa\u0107 do Kupuj\u0105cego o dodatkowe materia\u0142y potwierdzaj\u0105ce zg\u0142aszan\u0105 wad\u0119, takie jak zdj\u0119cia zakupionego towaru b\u0119d\u0105cego przedmiotem reklamacji.\u00a0<\/li>\n\n\n\n<li>W przypadku braku odpowiedzi na zg\u0142oszon\u0105 reklamacj\u0119 w terminie 14 dni, reklamacja zostaje uznana za rozpatrzon\u0105 pozytywnie.<\/li>\n\n\n\n<li>W przypadku pozytywnego rozpatrzenia reklamacji, Kupuj\u0105cy otrzymuje zwrot pieni\u0119dzy na wskazany przez siebie mailowo rachunek bankowy w ci\u0105gu 7 dni od daty pozytywnego rozpatrzenia reklamacji. Kupuj\u0105cy zobowi\u0105zany jest r\u00f3wnie\u017c zwr\u00f3ci\u0107 zakupiony towar osobi\u015bcie lub drog\u0105 wysy\u0142kow\u0105 na adres aktualnej siedziby Fundacji w ci\u0105gu 7 dni od daty otrzymania informacji o pozytywnym rozpatrzeniu reklamacji.<\/li>\n\n\n\n<li>Towar obj\u0119ty pozytywnie rozpatrzon\u0105 reklamacj\u0105 Kupuj\u0105cy wysy\u0142a na w\u0142asny koszt.<\/li>\n<\/ol>\n\n\n\n<p class=\"has-woostify-heading-3-font-size\"><strong>Polityka zwrotu towar\u00f3w<\/strong><\/p>\n\n\n\n<ol class=\"wp-block-list\">\n<li>Kupuj\u0105cemu w sklepie GSPS przys\u0142uguje prawo do zwrotu zakupionego towaru bez podania przyczyny.<\/li>\n\n\n\n<li>W celu zasygnalizowania zwrotu, Kupuj\u0105cy zobowi\u0105zany jest wys\u0142a\u0107 wiadomo\u015b\u0107 e-mail na adres <a href=\"mailto:sklep@gsps.pl\">sklep@gsps.pl<\/a> zawieraj\u0105c\u0105 informacj\u0119 o zwracanym towarze, a tak\u017ce potwierdzenie zakupu towaru otrzymane wcze\u015bniej drog\u0105 mailow\u0105.<\/li>\n\n\n\n<li>Kupuj\u0105cy ma 14 dni od nast\u0119pnego dnia po otrzymaniu towaru na zasygnalizowanie jego zwrotu drog\u0105 mailow\u0105 i odes\u0142anie go na aktualny adres siedziby Fundacji.<\/li>\n\n\n\n<li>W przypadku bilet\u00f3w zakupionych drog\u0105 elektroniczn\u0105, kt\u00f3re nie zosta\u0142y wykorzystane, prawo do zwrotu obowi\u0105zuje 14 dni od dnia zakupu. Wykorzystany bilet nie podlega zwrotowi, chyba \u017ce nast\u0105pi\u0142y okoliczno\u015bci niezale\u017cnie od Kupuj\u0105cego (tzw. si\u0142a wy\u017csza), maj\u0105ce pod\u0142o\u017ce naturalne lub przypadkowe, np: kl\u0119ski \u017cywio\u0142owe, odwo\u0142anie \u015brodka komunikacji, choroba.<\/li>\n\n\n\n<li>Kupuj\u0105cy wysy\u0142a zwracany towar na sw\u00f3j koszt.<\/li>\n\n\n\n<li>Fundacja zobowi\u0105zana jest zwr\u00f3ci\u0107 Kupuj\u0105cemu koszty towaru, a tak\u017ce koszty wysy\u0142ki do Kupuj\u0105cego.\u00a0<\/li>\n\n\n\n<li>Fundacja nie zwraca Kupuj\u0105cemu koszt\u00f3w wysy\u0142ki zwi\u0105zanych ze zwrotem towaru.<\/li>\n<\/ol>\n","protected":false},"excerpt":{"rendered":"<p>Polityka sprzeda\u017cy i dostaw Polityka dotycz\u0105ca ochrony danych osobowych i prywatno\u015bci Obs\u0142uga sklepu GSPS wymaga zdobywania oraz przetwarzania danych osobowych&#8230;.<\/p>\n","protected":false},"author":1,"featured_media":0,"parent":0,"menu_order":0,"comment_status":"closed","ping_status":"open","template":"","meta":{"footnotes":""},"class_list":["post-3","page","type-page","status-publish","hentry"],"_links":{"self":[{"href":"https:\/\/gsps.pl\/sklep\/wp-json\/wp\/v2\/pages\/3","targetHints":{"allow":["GET"]}}],"collection":[{"href":"https:\/\/gsps.pl\/sklep\/wp-json\/wp\/v2\/pages"}],"about":[{"href":"https:\/\/gsps.pl\/sklep\/wp-json\/wp\/v2\/types\/page"}],"author":[{"embeddable":true,"href":"https:\/\/gsps.pl\/sklep\/wp-json\/wp\/v2\/users\/1"}],"replies":[{"embeddable":true,"href":"https:\/\/gsps.pl\/sklep\/wp-json\/wp\/v2\/comments?post=3"}],"version-history":[{"count":6,"href":"https:\/\/gsps.pl\/sklep\/wp-json\/wp\/v2\/pages\/3\/revisions"}],"predecessor-version":[{"id":4196,"href":"https:\/\/gsps.pl\/sklep\/wp-json\/wp\/v2\/pages\/3\/revisions\/4196"}],"wp:attachment":[{"href":"https:\/\/gsps.pl\/sklep\/wp-json\/wp\/v2\/media?parent=3"}],"curies":[{"name":"wp","href":"https:\/\/api.w.org\/{rel}","templated":true}]}}