{"id":1256,"date":"2022-01-28T05:09:31","date_gmt":"2022-01-28T04:09:31","guid":{"rendered":"https:\/\/gsps.pl\/sklep\/?page_id=1256"},"modified":"2026-03-17T11:18:43","modified_gmt":"2026-03-17T10:18:43","slug":"cykle-zamowien","status":"publish","type":"page","link":"https:\/\/gsps.pl\/sklep\/cykle-zamowien\/","title":{"rendered":"Cykle zam\u00f3wie\u0144"},"content":{"rendered":"\n<h2 class=\"wp-block-heading\" id=\"cykle-zamowien\">Cykle zam\u00f3wie\u0144<\/h2>\n\n\n\n<p>Przedmioty dost\u0119pne w naszym magazynie wysy\u0142amy w ci\u0105gu <strong>10 dni roboczych od momentu zaksi\u0119gowania op\u0142aty.<\/strong><\/p>\n\n\n\n<p>W przypadku wyprzedania si\u0119 aktualnej partii, dost\u0119pno\u015b\u0107 przedmiotu jest zmieniona na <strong>\u201eNa zam\u00f3wienie\u201d<\/strong>. Takie produkty mo\u017cna zakupi\u0107, jednak czas realizacji b\u0119dzie d\u0142u\u017cszy, zale\u017cny od cykli zam\u00f3wie\u0144 (<strong>1\u20133 tygodnie od najbli\u017cszej daty cyklu + 10 dni roboczych na wysy\u0142k\u0119<\/strong>).<\/p>\n\n\n\n<p>Sklep GSPS zbiera zam\u00f3wienia i sk\u0142ada zbiorcze zam\u00f3wienie w hurtowni w okre\u015blonych terminach (<strong>cyklach zam\u00f3wie\u0144<\/strong>). Aby zam\u00f3wienie zosta\u0142o uwzgl\u0119dnione, nale\u017cy je z\u0142o\u017cy\u0107 co najmniej <strong>1 dzie\u0144 przed dat\u0105 cyklu<\/strong>. <strong>Najbli\u017csze daty cykli zam\u00f3wie\u0144:<\/strong><\/p>\n\n\n\n<ul class=\"wp-block-list\">\n<li>04.05.2026 r. (wysy\u0142ka najwcze\u015bniej 25.05.2026)<\/li>\n\n\n\n<li>10.08.2026 r. (wysy\u0142ka najwcze\u015bniej 31.08.2026)<\/li>\n<\/ul>\n\n\n\n<p>Je\u017celi zam\u00f3wienie zawiera przedmioty dost\u0119pne na magazynie oraz na zam\u00f3wienie, nadamy przesy\u0142k\u0119 po skompletowaniu wszystkich przedmiot\u00f3w.<\/p>\n\n\n\n<p><strong>Koszulki eventowe<\/strong> s\u0105 zamawiane w hurtowni tylko raz. Zam\u00f3wienia przyjmujemy od momentu oficjalnej zapowiedzi do daty podanej w opisie koszulki dost\u0119pnym w sklepie \u2013 traktujemy ten produkt w tym czasie jako produkt na zam\u00f3wienie. Po zamkni\u0119ciu zam\u00f3wie\u0144 mo\u017cliwy jest jeszcze zakup, ale tylko w limitowanej ilo\u015bci i wy\u0142\u0105cznie w domy\u015blnym kolorze \u2013 fioletowym.<\/p>\n","protected":false},"excerpt":{"rendered":"<p>Cykle zam\u00f3wie\u0144 Przedmioty dost\u0119pne w naszym magazynie wysy\u0142amy w ci\u0105gu 10 dni roboczych od momentu zaksi\u0119gowania op\u0142aty. W przypadku wyprzedania&#8230;<\/p>\n","protected":false},"author":1,"featured_media":0,"parent":0,"menu_order":0,"comment_status":"closed","ping_status":"closed","template":"","meta":{"footnotes":""},"class_list":["post-1256","page","type-page","status-publish","hentry"],"_links":{"self":[{"href":"https:\/\/gsps.pl\/sklep\/wp-json\/wp\/v2\/pages\/1256","targetHints":{"allow":["GET"]}}],"collection":[{"href":"https:\/\/gsps.pl\/sklep\/wp-json\/wp\/v2\/pages"}],"about":[{"href":"https:\/\/gsps.pl\/sklep\/wp-json\/wp\/v2\/types\/page"}],"author":[{"embeddable":true,"href":"https:\/\/gsps.pl\/sklep\/wp-json\/wp\/v2\/users\/1"}],"replies":[{"embeddable":true,"href":"https:\/\/gsps.pl\/sklep\/wp-json\/wp\/v2\/comments?post=1256"}],"version-history":[{"count":30,"href":"https:\/\/gsps.pl\/sklep\/wp-json\/wp\/v2\/pages\/1256\/revisions"}],"predecessor-version":[{"id":4782,"href":"https:\/\/gsps.pl\/sklep\/wp-json\/wp\/v2\/pages\/1256\/revisions\/4782"}],"wp:attachment":[{"href":"https:\/\/gsps.pl\/sklep\/wp-json\/wp\/v2\/media?parent=1256"}],"curies":[{"name":"wp","href":"https:\/\/api.w.org\/{rel}","templated":true}]}}